{"id":617,"date":"2024-09-04T16:21:40","date_gmt":"2024-09-04T10:51:40","guid":{"rendered":"https:\/\/adultshowpattaya.com\/?page_id=617"},"modified":"2024-11-18T21:51:02","modified_gmt":"2024-11-18T16:21:02","slug":"company-details","status":"publish","type":"page","link":"https:\/\/adultshowpattaya.com\/vi\/company-details\/","title":{"rendered":"Chi ti\u1ebft c\u00f4ng ty"},"content":{"rendered":"<div data-elementor-type=\"wp-page\" data-elementor-id=\"617\" class=\"elementor elementor-617\" data-elementor-post-type=\"page\">\n\t\t\t\t\t\t<section data-particle_enable=\"false\" data-particle-mobile-disabled=\"false\" class=\"elementor-section elementor-top-section elementor-element elementor-element-59ced05 elementor-section-boxed elementor-section-height-default elementor-section-height-default\" data-id=\"59ced05\" data-element_type=\"section\" data-e-type=\"section\">\n\t\t\t\t\t\t<div class=\"elementor-container elementor-column-gap-default\">\n\t\t\t\t\t<div class=\"elementor-column elementor-col-100 elementor-top-column elementor-element elementor-element-8061aab\" data-id=\"8061aab\" data-element_type=\"column\" data-e-type=\"column\">\n\t\t\t<div class=\"elementor-widget-wrap elementor-element-populated\">\n\t\t\t\t\t\t<div class=\"elementor-element elementor-element-c172ff8 elementor-widget elementor-widget-text-editor\" data-id=\"c172ff8\" data-element_type=\"widget\" data-e-type=\"widget\" data-widget_type=\"text-editor.default\">\n\t\t\t\t<div class=\"elementor-widget-container\">\n\t\t\t\t\t\t\t\t\t<h2 style=\"text-align: center;\"><span style=\"color: #000000;\"><strong>Chi ti\u1ebft c\u00f4ng ty<\/strong><\/span><\/h2><p><span style=\"color: #000000;\">Ch\u00e0o m\u1eebng \u0111\u1ebfn v\u1edbi <strong>Ch\u01b0\u01a1ng tr\u00ecnh Ng\u01b0\u1eddi l\u1edbn Pattaya<\/strong>, ngu\u1ed3n \u0111\u00e1ng tin c\u1eady c\u1ee7a b\u1ea1n \u0111\u1ec3 \u0111\u1eb7t nh\u1eefng tr\u1ea3i nghi\u1ec7m gi\u1ea3i tr\u00ed d\u00e0nh cho ng\u01b0\u1eddi l\u1edbn kh\u00f3 qu\u00ean t\u1ea1i Pattaya. \u0110\u01b0\u1ee3c \u0111i\u1ec1u h\u00e0nh b\u1edfi <strong>K\u1ef3 ngh\u1ec9 Triplyn<\/strong>, ch\u00fang t\u00f4i n\u1ed7 l\u1ef1c \u0111\u1ea3m b\u1ea3o qu\u00e1 tr\u00ecnh \u0111\u1eb7t ph\u00f2ng li\u1ec1n m\u1ea1ch v\u00e0 \u0111\u00e1ng nh\u1edb cho m\u1ecdi kh\u00e1ch h\u00e0ng.<\/span><\/p><hr \/><h3><span style=\"color: #000000;\"><strong>Gi\u1edbi thi\u1ec7u v\u1ec1 ch\u00fang t\u00f4i<\/strong><\/span><\/h3><p><span style=\"color: #000000;\"><strong>K\u1ef3 ngh\u1ec9 Triplyn<\/strong> l\u00e0 m\u1ed9t c\u00f4ng ty l\u1eef h\u00e0nh v\u00e0 du l\u1ecbch n\u1ed5i ti\u1ebfng chuy\u00ean cung c\u1ea5p c\u00e1c d\u1ecbch v\u1ee5 \u0111\u1eb7c bi\u1ec7t cho du kh\u00e1ch tr\u00ean to\u00e0n th\u1ebf gi\u1edbi. Ch\u00fang t\u00f4i chuy\u00ean cung c\u1ea5p d\u1ecbch v\u1ee5 \u0111\u1eb7t v\u00e9 cho nhi\u1ec1u \u0111i\u1ec3m tham quan h\u00e0ng \u0111\u1ea7u, bao g\u1ed3m c\u1ea3 <a href=\"https:\/\/adultshowpattaya.com\/vi\/\"><strong>Ch\u01b0\u01a1ng tr\u00ecnh Ng\u01b0\u1eddi l\u1edbn Pattaya<\/strong><\/a>. S\u1ee9 m\u1ec7nh c\u1ee7a ch\u00fang t\u00f4i l\u00e0 cung c\u1ea5p cho kh\u00e1ch h\u00e0ng nh\u1eefng \u01b0u \u0111\u00e3i t\u1ed1t nh\u1ea5t, tr\u1ea3i nghi\u1ec7m \u0111\u1eb7t ph\u00f2ng d\u1ec5 d\u00e0ng v\u00e0 d\u1ecbch v\u1ee5 h\u1ed7 tr\u1ee3 kh\u00e1ch h\u00e0ng tuy\u1ec7t v\u1eddi.<\/span><\/p><hr \/><h3><span style=\"color: #000000;\"><strong>Th\u00f4ng tin c\u00f4ng ty<\/strong><\/span><\/h3><ul><li><span style=\"color: #000000;\"><strong>T\u00ean c\u00f4ng ty<\/strong>: K\u1ef3 ngh\u1ec9 Triplyn<\/span><\/li><li><span style=\"color: #000000;\"><strong>\u0110\u1ecba ch\u1ec9 \u0111\u00e3 \u0111\u0103ng k\u00fd<\/strong>: A-54, Khu c\u00f4ng nghi\u1ec7p Keshopur, Vikaspuri, New Delhi 110018, \u1ea4n \u0110\u1ed9<\/span><\/li><li><span style=\"color: #000000;\"><strong>E-mail<\/strong>: <a style=\"color: #000000;\" href=\"mailto:contact@adultshowpattaya.com\" rel=\"noopener\">contact@adultshowpattaya.com<\/a><\/span><\/li><\/ul><p><span style=\"color: #000000;\">Ch\u00fang t\u00f4i cam k\u1ebft x\u00e2y d\u1ef1ng l\u00f2ng tin v\u00e0 cung c\u1ea5p s\u1ef1 minh b\u1ea1ch v\u1edbi kh\u00e1ch h\u00e0ng. \u0110\u1ed1i v\u1edbi b\u1ea5t k\u1ef3 th\u1eafc m\u1eafc n\u00e0o li\u00ean quan \u0111\u1ebfn \u0111\u1eb7t ph\u00f2ng, vui l\u00f2ng li\u00ean h\u1ec7 v\u1edbi ch\u00fang t\u00f4i.<\/span><\/p><hr \/><h3><span style=\"color: #000000;\"><strong>Li\u00ean h\u1ec7 v\u1edbi ch\u00fang t\u00f4i<\/strong><\/span><\/h3><p><span style=\"color: #000000;\">\u0110\u1ed1i v\u1edbi b\u1ea5t k\u1ef3 y\u00eau c\u1ea7u ho\u1eb7c h\u1ed7 tr\u1ee3 li\u00ean quan \u0111\u1ebfn chuy\u1ebfn th\u0103m c\u1ee7a b\u1ea1n \u0111\u1ebfn <strong>Ch\u01b0\u01a1ng tr\u00ecnh Ng\u01b0\u1eddi l\u1edbn Pattaya<\/strong>, vui l\u00f2ng li\u00ean h\u1ec7 v\u1edbi ch\u00fang t\u00f4i:<\/span><\/p><ul><li><span style=\"color: #000000;\"><strong>E-mail<\/strong>: <a style=\"color: #000000;\" href=\"mailto:contact@adultshowpattaya.com\" rel=\"noopener\">contact@adultshowpattaya.com<\/a><\/span><\/li><li><span style=\"color: #000000;\"><strong>\u0110\u1ecba ch\u1ec9<\/strong>: A-54, Khu c\u00f4ng nghi\u1ec7p Keshopur, Vikaspuri, New Delhi 110018, \u1ea4n \u0110\u1ed9<\/span><br \/><span style=\"color: #000000;\">Ch\u00fang t\u00f4i c\u1ed1 g\u1eafng tr\u1ea3 l\u1eddi t\u1ea5t c\u1ea3 email trong v\u00f2ng 24 gi\u1edd.<\/span><\/li><\/ul><hr \/><h3><span style=\"color: #000000;\"><strong>T\u1ea1i sao ch\u1ecdn ch\u00fang t\u00f4i?<\/strong><\/span><\/h3><ul><li><span style=\"color: #000000;\"><strong>Tr\u1ea3i nghi\u1ec7m \u0111\u00e1ng tin c\u1eady<\/strong>:V\u1edbi nhi\u1ec1u n\u0103m kinh nghi\u1ec7m trong ng\u00e0nh du l\u1ecbch, <strong>K\u1ef3 ngh\u1ec9 Triplyn<\/strong> \u0111\u1ea3m b\u1ea3o d\u1ecbch v\u1ee5 tuy\u1ec7t v\u1eddi v\u00e0 gi\u00e1 c\u1ea3 c\u1ea1nh tranh cho m\u1ecdi d\u1ecbch v\u1ee5 ch\u00fang t\u00f4i cung c\u1ea5p.<\/span><\/li><li><span style=\"color: #000000;\"><strong>H\u1ed7 tr\u1ee3 kh\u00e1ch h\u00e0ng<\/strong>:\u0110\u1ed9i ng\u0169 t\u1eadn t\u00e2m c\u1ee7a ch\u00fang t\u00f4i lu\u00f4n s\u1eb5n s\u00e0ng h\u1ed7 tr\u1ee3 m\u1ecdi nhu c\u1ea7u \u0111i l\u1ea1i v\u00e0 \u0111\u1eb7t ch\u1ed7 c\u1ee7a b\u1ea1n, \u0111\u1ea3m b\u1ea3o b\u1ea1n c\u00f3 tr\u1ea3i nghi\u1ec7m tho\u1ea3i m\u00e1i.<\/span><\/li><li><span style=\"color: #000000;\"><strong>\u01afu \u0111\u00e3i \u0111\u1ed9c quy\u1ec1n<\/strong>: Ch\u00fang t\u00f4i cung c\u1ea5p c\u00e1c g\u00f3i v\u00e0 \u01b0u \u0111\u00e3i \u0111\u1ed9c quy\u1ec1n cho <strong>Ch\u01b0\u01a1ng tr\u00ecnh Ng\u01b0\u1eddi l\u1edbn Pattaya<\/strong>, \u0111\u1ea3m b\u1ea3o cho b\u1ea1n quy\u1ec1n truy c\u1eadp v\u00e0o m\u1ee9c gi\u00e1 t\u1ed1t nh\u1ea5t v\u00e0 s\u1ef1 gi\u1ea3i tr\u00ed kh\u00f3 qu\u00ean.<\/span><\/li><\/ul><hr \/><h3><span style=\"color: #000000;\"><strong>\u0110\u1eb7t ph\u00f2ng v\u1edbi ch\u00fang t\u00f4i<\/strong><\/span><\/h3><p><span style=\"color: #000000;\">\u0110\u1ec3 c\u00f3 m\u1ed9t \u0111\u00eam gi\u1ea3i tr\u00ed th\u00fa v\u1ecb t\u1ea1i <strong>Ch\u01b0\u01a1ng tr\u00ecnh Ng\u01b0\u1eddi l\u1edbn Pattaya<\/strong>, h\u00e3y gh\u00e9 th\u0103m ch\u00fang t\u00f4i <strong><a href=\"https:\/\/adultshowpattaya.com\/vi\/\">V\u00e9 xem Show Ng\u01b0\u1eddi L\u1edbn Pattaya<\/a> Trang \u0111\u1eb7t ph\u00f2ng<\/strong> \u0111\u1ec3 kh\u00e1m ph\u00e1 c\u00e1c \u01b0u \u0111\u00e3i \u0111\u1ed9c quy\u1ec1n c\u1ee7a ch\u00fang t\u00f4i.<\/span><br \/><span style=\"color: #000000;\"><a href=\"https:\/\/adultshowpattaya.com\/vi\/\"><strong>Nh\u1ea5p v\u00e0o \u0111\u00e2y \u0111\u1ec3 \u0111\u1eb7t v\u00e9 ngay b\u00e2y gi\u1edd<\/strong><\/a> v\u00e0 s\u1eb5n s\u00e0ng cho m\u1ed9t tr\u1ea3i nghi\u1ec7m kh\u00f3 qu\u00ean d\u00e0nh cho ng\u01b0\u1eddi l\u1edbn!<\/span><\/p>\t\t\t\t\t\t\t\t<\/div>\n\t\t\t\t<\/div>\n\t\t\t\t\t<\/div>\n\t\t<\/div>\n\t\t\t\t\t<\/div>\n\t\t<\/section>\n\t\t\t\t<\/div>","protected":false},"excerpt":{"rendered":"<p>Company Details Welcome to Adult Show Pattaya, your trusted source for booking unforgettable adult entertainment experiences in Pattaya. Operated by Triplyn Holidays, we strive to ensure a seamless and memorable booking process for every guest. About Us Triplyn Holidays is a prominent travel and tourism company dedicated to delivering exceptional services to travelers worldwide. We [&hellip;]<\/p>\n","protected":false},"author":1,"featured_media":0,"parent":0,"menu_order":0,"comment_status":"closed","ping_status":"closed","template":"","meta":{"ocean_post_layout":"","ocean_both_sidebars_style":"","ocean_both_sidebars_content_width":0,"ocean_both_sidebars_sidebars_width":0,"ocean_sidebar":"","ocean_second_sidebar":"","ocean_disable_margins":"enable","ocean_add_body_class":"","ocean_shortcode_before_top_bar":"","ocean_shortcode_after_top_bar":"","ocean_shortcode_before_header":"","ocean_shortcode_after_header":"","ocean_has_shortcode":"","ocean_shortcode_after_title":"","ocean_shortcode_before_footer_widgets":"","ocean_shortcode_after_footer_widgets":"","ocean_shortcode_before_footer_bottom":"","ocean_shortcode_after_footer_bottom":"","ocean_display_top_bar":"default","ocean_display_header":"default","ocean_header_style":"","ocean_center_header_left_menu":"","ocean_custom_header_template":"","ocean_custom_logo":0,"ocean_custom_retina_logo":0,"ocean_custom_logo_max_width":0,"ocean_custom_logo_tablet_max_width":0,"ocean_custom_logo_mobile_max_width":0,"ocean_custom_logo_max_height":0,"ocean_custom_logo_tablet_max_height":0,"ocean_custom_logo_mobile_max_height":0,"ocean_header_custom_menu":"","ocean_menu_typo_font_family":"","ocean_menu_typo_font_subset":"","ocean_menu_typo_font_size":0,"ocean_menu_typo_font_size_tablet":0,"ocean_menu_typo_font_size_mobile":0,"ocean_menu_typo_font_size_unit":"px","ocean_menu_typo_font_weight":"","ocean_menu_typo_font_weight_tablet":"","ocean_menu_typo_font_weight_mobile":"","ocean_menu_typo_transform":"","ocean_menu_typo_transform_tablet":"","ocean_menu_typo_transform_mobile":"","ocean_menu_typo_line_height":0,"ocean_menu_typo_line_height_tablet":0,"ocean_menu_typo_line_height_mobile":0,"ocean_menu_typo_line_height_unit":"","ocean_menu_typo_spacing":0,"ocean_menu_typo_spacing_tablet":0,"ocean_menu_typo_spacing_mobile":0,"ocean_menu_typo_spacing_unit":"","ocean_menu_link_color":"","ocean_menu_link_color_hover":"","ocean_menu_link_color_active":"","ocean_menu_link_background":"","ocean_menu_link_hover_background":"","ocean_menu_link_active_background":"","ocean_menu_social_links_bg":"","ocean_menu_social_hover_links_bg":"","ocean_menu_social_links_color":"","ocean_menu_social_hover_links_color":"","ocean_disable_title":"default","ocean_disable_heading":"default","ocean_post_title":"","ocean_post_subheading":"","ocean_post_title_style":"","ocean_post_title_background_color":"","ocean_post_title_background":0,"ocean_post_title_bg_image_position":"","ocean_post_title_bg_image_attachment":"","ocean_post_title_bg_image_repeat":"","ocean_post_title_bg_image_size":"","ocean_post_title_height":0,"ocean_post_title_bg_overlay":0.5,"ocean_post_title_bg_overlay_color":"","ocean_disable_breadcrumbs":"default","ocean_breadcrumbs_color":"","ocean_breadcrumbs_separator_color":"","ocean_breadcrumbs_links_color":"","ocean_breadcrumbs_links_hover_color":"","ocean_display_footer_widgets":"default","ocean_display_footer_bottom":"default","ocean_custom_footer_template":"","footnotes":""},"class_list":["post-617","page","type-page","status-publish","hentry","entry","owp-thumbs-layout-horizontal","owp-btn-normal","owp-tabs-layout-horizontal","has-no-thumbnails","has-product-nav"],"yoast_head":"<!-- This site is optimized with the Yoast SEO plugin v27.5 - https:\/\/yoast.com\/product\/yoast-seo-wordpress\/ -->\n<title>Company Details | Adult Show Pattaya Tickets - Triplyn Holidays<\/title>\n<meta name=\"description\" content=\"Learn About Adult Show Pattaya Tickets, Your Trusted Provider For Adult Show Pattaya. Explore Our Company Details Now!\" \/>\n<meta name=\"robots\" content=\"noindex, follow\" \/>\n<meta property=\"og:locale\" content=\"vi_VN\" \/>\n<meta property=\"og:type\" content=\"article\" \/>\n<meta property=\"og:title\" content=\"Company Details | Adult Show Pattaya Tickets - Triplyn Holidays\" \/>\n<meta property=\"og:description\" content=\"Learn About Adult Show Pattaya Tickets, Your Trusted Provider For Adult Show Pattaya. Explore Our Company Details Now!\" \/>\n<meta property=\"og:url\" content=\"https:\/\/adultshowpattaya.com\/vi\/company-details\/\" \/>\n<meta property=\"og:site_name\" content=\"Adult Show Pattaya\" \/>\n<meta property=\"article:modified_time\" content=\"2024-11-18T16:21:02+00:00\" \/>\n<meta name=\"twitter:card\" content=\"summary_large_image\" \/>\n<meta name=\"twitter:label1\" content=\"\u01af\u1edbc t\u00ednh th\u1eddi gian \u0111\u1ecdc\" \/>\n\t<meta name=\"twitter:data1\" content=\"2 ph\u00fat\" \/>\n<script type=\"application\/ld+json\" class=\"yoast-schema-graph\">{\"@context\":\"https:\\\/\\\/schema.org\",\"@graph\":[{\"@type\":\"WebPage\",\"@id\":\"https:\\\/\\\/adultshowpattaya.com\\\/company-details\\\/\",\"url\":\"https:\\\/\\\/adultshowpattaya.com\\\/company-details\\\/\",\"name\":\"Company Details | Adult Show Pattaya Tickets - Triplyn Holidays\",\"isPartOf\":{\"@id\":\"https:\\\/\\\/adultshowpattaya.com\\\/#website\"},\"datePublished\":\"2024-09-04T10:51:40+00:00\",\"dateModified\":\"2024-11-18T16:21:02+00:00\",\"description\":\"Learn About Adult Show Pattaya Tickets, Your Trusted Provider For Adult Show Pattaya. Explore Our Company Details Now!\",\"breadcrumb\":{\"@id\":\"https:\\\/\\\/adultshowpattaya.com\\\/company-details\\\/#breadcrumb\"},\"inLanguage\":\"vi\",\"potentialAction\":[{\"@type\":\"ReadAction\",\"target\":[\"https:\\\/\\\/adultshowpattaya.com\\\/company-details\\\/\"]}]},{\"@type\":\"BreadcrumbList\",\"@id\":\"https:\\\/\\\/adultshowpattaya.com\\\/company-details\\\/#breadcrumb\",\"itemListElement\":[{\"@type\":\"ListItem\",\"position\":1,\"name\":\"Home\",\"item\":\"https:\\\/\\\/adultshowpattaya.com\\\/\"},{\"@type\":\"ListItem\",\"position\":2,\"name\":\"Company Details\"}]},{\"@type\":\"WebSite\",\"@id\":\"https:\\\/\\\/adultshowpattaya.com\\\/#website\",\"url\":\"https:\\\/\\\/adultshowpattaya.com\\\/\",\"name\":\"Adult Show Pattaya\",\"description\":\"\",\"publisher\":{\"@id\":\"https:\\\/\\\/adultshowpattaya.com\\\/#organization\"},\"potentialAction\":[{\"@type\":\"SearchAction\",\"target\":{\"@type\":\"EntryPoint\",\"urlTemplate\":\"https:\\\/\\\/adultshowpattaya.com\\\/?s={search_term_string}\"},\"query-input\":{\"@type\":\"PropertyValueSpecification\",\"valueRequired\":true,\"valueName\":\"search_term_string\"}}],\"inLanguage\":\"vi\"},{\"@type\":\"Organization\",\"@id\":\"https:\\\/\\\/adultshowpattaya.com\\\/#organization\",\"name\":\"Adult Show Pattaya\",\"url\":\"https:\\\/\\\/adultshowpattaya.com\\\/\",\"logo\":{\"@type\":\"ImageObject\",\"inLanguage\":\"vi\",\"@id\":\"https:\\\/\\\/adultshowpattaya.com\\\/#\\\/schema\\\/logo\\\/image\\\/\",\"url\":\"https:\\\/\\\/adultshowpattaya.com\\\/wp-content\\\/uploads\\\/2024\\\/08\\\/Adult-Show-Pattaya.png\",\"contentUrl\":\"https:\\\/\\\/adultshowpattaya.com\\\/wp-content\\\/uploads\\\/2024\\\/08\\\/Adult-Show-Pattaya.png\",\"width\":350,\"height\":100,\"caption\":\"Adult Show Pattaya\"},\"image\":{\"@id\":\"https:\\\/\\\/adultshowpattaya.com\\\/#\\\/schema\\\/logo\\\/image\\\/\"}}]}<\/script>\n<!-- \/ Yoast SEO plugin. -->","yoast_head_json":{"title":"Chi ti\u1ebft c\u00f4ng ty | V\u00e9 xem ch\u01b0\u01a1ng tr\u00ecnh Adult Show Pattaya - Triplyn Holidays","description":"T\u00ecm hi\u1ec3u v\u1ec1 v\u00e9 Adult Show Pattaya, nh\u00e0 cung c\u1ea5p \u0111\u00e1ng tin c\u1eady c\u1ee7a b\u1ea1n cho Adult Show Pattaya. Kh\u00e1m ph\u00e1 th\u00f4ng tin chi ti\u1ebft v\u1ec1 c\u00f4ng ty c\u1ee7a ch\u00fang t\u00f4i ngay!","robots":{"index":"noindex","follow":"follow"},"og_locale":"vi_VN","og_type":"article","og_title":"Company Details | Adult Show Pattaya Tickets - Triplyn Holidays","og_description":"Learn About Adult Show Pattaya Tickets, Your Trusted Provider For Adult Show Pattaya. Explore Our Company Details Now!","og_url":"https:\/\/adultshowpattaya.com\/vi\/company-details\/","og_site_name":"Adult Show Pattaya","article_modified_time":"2024-11-18T16:21:02+00:00","twitter_card":"summary_large_image","twitter_misc":{"\u01af\u1edbc t\u00ednh th\u1eddi gian \u0111\u1ecdc":"2 ph\u00fat"},"schema":{"@context":"https:\/\/schema.org","@graph":[{"@type":"WebPage","@id":"https:\/\/adultshowpattaya.com\/company-details\/","url":"https:\/\/adultshowpattaya.com\/company-details\/","name":"Chi ti\u1ebft c\u00f4ng ty | V\u00e9 xem ch\u01b0\u01a1ng tr\u00ecnh Adult Show Pattaya - Triplyn Holidays","isPartOf":{"@id":"https:\/\/adultshowpattaya.com\/#website"},"datePublished":"2024-09-04T10:51:40+00:00","dateModified":"2024-11-18T16:21:02+00:00","description":"T\u00ecm hi\u1ec3u v\u1ec1 v\u00e9 Adult Show Pattaya, nh\u00e0 cung c\u1ea5p \u0111\u00e1ng tin c\u1eady c\u1ee7a b\u1ea1n cho Adult Show Pattaya. Kh\u00e1m ph\u00e1 th\u00f4ng tin chi ti\u1ebft v\u1ec1 c\u00f4ng ty c\u1ee7a ch\u00fang t\u00f4i ngay!","breadcrumb":{"@id":"https:\/\/adultshowpattaya.com\/company-details\/#breadcrumb"},"inLanguage":"vi","potentialAction":[{"@type":"ReadAction","target":["https:\/\/adultshowpattaya.com\/company-details\/"]}]},{"@type":"BreadcrumbList","@id":"https:\/\/adultshowpattaya.com\/company-details\/#breadcrumb","itemListElement":[{"@type":"ListItem","position":1,"name":"Home","item":"https:\/\/adultshowpattaya.com\/"},{"@type":"ListItem","position":2,"name":"Company Details"}]},{"@type":"WebSite","@id":"https:\/\/adultshowpattaya.com\/#website","url":"https:\/\/adultshowpattaya.com\/","name":"Ch\u01b0\u01a1ng tr\u00ecnh Ng\u01b0\u1eddi l\u1edbn Pattaya","description":"","publisher":{"@id":"https:\/\/adultshowpattaya.com\/#organization"},"potentialAction":[{"@type":"SearchAction","target":{"@type":"EntryPoint","urlTemplate":"https:\/\/adultshowpattaya.com\/?s={search_term_string}"},"query-input":{"@type":"PropertyValueSpecification","valueRequired":true,"valueName":"search_term_string"}}],"inLanguage":"vi"},{"@type":"Organization","@id":"https:\/\/adultshowpattaya.com\/#organization","name":"Ch\u01b0\u01a1ng tr\u00ecnh Ng\u01b0\u1eddi l\u1edbn Pattaya","url":"https:\/\/adultshowpattaya.com\/","logo":{"@type":"ImageObject","inLanguage":"vi","@id":"https:\/\/adultshowpattaya.com\/#\/schema\/logo\/image\/","url":"https:\/\/adultshowpattaya.com\/wp-content\/uploads\/2024\/08\/Adult-Show-Pattaya.png","contentUrl":"https:\/\/adultshowpattaya.com\/wp-content\/uploads\/2024\/08\/Adult-Show-Pattaya.png","width":350,"height":100,"caption":"Adult Show Pattaya"},"image":{"@id":"https:\/\/adultshowpattaya.com\/#\/schema\/logo\/image\/"}}]}},"jetpack_sharing_enabled":true,"_links":{"self":[{"href":"https:\/\/adultshowpattaya.com\/vi\/wp-json\/wp\/v2\/pages\/617","targetHints":{"allow":["GET"]}}],"collection":[{"href":"https:\/\/adultshowpattaya.com\/vi\/wp-json\/wp\/v2\/pages"}],"about":[{"href":"https:\/\/adultshowpattaya.com\/vi\/wp-json\/wp\/v2\/types\/page"}],"author":[{"embeddable":true,"href":"https:\/\/adultshowpattaya.com\/vi\/wp-json\/wp\/v2\/users\/1"}],"replies":[{"embeddable":true,"href":"https:\/\/adultshowpattaya.com\/vi\/wp-json\/wp\/v2\/comments?post=617"}],"version-history":[{"count":5,"href":"https:\/\/adultshowpattaya.com\/vi\/wp-json\/wp\/v2\/pages\/617\/revisions"}],"predecessor-version":[{"id":1644,"href":"https:\/\/adultshowpattaya.com\/vi\/wp-json\/wp\/v2\/pages\/617\/revisions\/1644"}],"wp:attachment":[{"href":"https:\/\/adultshowpattaya.com\/vi\/wp-json\/wp\/v2\/media?parent=617"}],"curies":[{"name":"wp","href":"https:\/\/api.w.org\/{rel}","templated":true}]}}