{"id":617,"date":"2024-09-04T16:21:40","date_gmt":"2024-09-04T10:51:40","guid":{"rendered":"https:\/\/adultshowpattaya.com\/?page_id=617"},"modified":"2024-11-18T21:51:02","modified_gmt":"2024-11-18T16:21:02","slug":"company-details","status":"publish","type":"page","link":"https:\/\/adultshowpattaya.com\/fr\/company-details\/","title":{"rendered":"D\u00e9tails de l&#039;entreprise"},"content":{"rendered":"<div data-elementor-type=\"wp-page\" data-elementor-id=\"617\" class=\"elementor elementor-617\" data-elementor-post-type=\"page\">\n\t\t\t\t\t\t<section data-particle_enable=\"false\" data-particle-mobile-disabled=\"false\" class=\"elementor-section elementor-top-section elementor-element elementor-element-59ced05 elementor-section-boxed elementor-section-height-default elementor-section-height-default\" data-id=\"59ced05\" data-element_type=\"section\" data-e-type=\"section\">\n\t\t\t\t\t\t<div class=\"elementor-container elementor-column-gap-default\">\n\t\t\t\t\t<div class=\"elementor-column elementor-col-100 elementor-top-column elementor-element elementor-element-8061aab\" data-id=\"8061aab\" data-element_type=\"column\" data-e-type=\"column\">\n\t\t\t<div class=\"elementor-widget-wrap elementor-element-populated\">\n\t\t\t\t\t\t<div class=\"elementor-element elementor-element-c172ff8 elementor-widget elementor-widget-text-editor\" data-id=\"c172ff8\" data-element_type=\"widget\" data-e-type=\"widget\" data-widget_type=\"text-editor.default\">\n\t\t\t\t<div class=\"elementor-widget-container\">\n\t\t\t\t\t\t\t\t\t<h2 style=\"text-align: center;\"><span style=\"color: #000000;\"><strong>D\u00e9tails de l&#039;entreprise<\/strong><\/span><\/h2><p><span style=\"color: #000000;\">Bienvenue \u00e0 <strong>Spectacle pour adultes \u00e0 Pattaya<\/strong>, votre source de confiance pour r\u00e9server des exp\u00e9riences de divertissement pour adultes inoubliables \u00e0 Pattaya. Exploit\u00e9 par <strong>Vacances \u00e0 Triplyn<\/strong>, nous nous effor\u00e7ons de garantir un processus de r\u00e9servation fluide et m\u00e9morable pour chaque client.<\/span><\/p><hr \/><h3><span style=\"color: #000000;\"><strong>\u00c0 propos de nous<\/strong><\/span><\/h3><p><span style=\"color: #000000;\"><strong>Vacances \u00e0 Triplyn<\/strong> est une importante agence de voyages et de tourisme qui se consacre \u00e0 la fourniture de services exceptionnels aux voyageurs du monde entier. Nous sommes sp\u00e9cialis\u00e9s dans la fourniture de services de r\u00e9servation de billets pour une vari\u00e9t\u00e9 d&#039;attractions de premier ordre, y compris les passionnantes <a href=\"https:\/\/adultshowpattaya.com\/fr\/\"><strong>Spectacle pour adultes \u00e0 Pattaya<\/strong><\/a>Notre mission est d&#039;offrir aux clients les meilleures offres, une exp\u00e9rience de r\u00e9servation facile et un excellent support client.<\/span><\/p><hr \/><h3><span style=\"color: #000000;\"><strong>Informations sur la soci\u00e9t\u00e9<\/strong><\/span><\/h3><ul><li><span style=\"color: #000000;\"><strong>Nom de l&#039;entreprise<\/strong>: Vacances \u00e0 Triplyn<\/span><\/li><li><span style=\"color: #000000;\"><strong>Adresse enregistr\u00e9e<\/strong>: A-54, zone industrielle de Keshopur, Vikaspuri, New Delhi 110018, Inde<\/span><\/li><li><span style=\"color: #000000;\"><strong>E-mail<\/strong>: <a style=\"color: #000000;\" href=\"mailto:contact@adultshowpattaya.com\" rel=\"noopener\">contact@adultshowpattaya.com<\/a><\/span><\/li><\/ul><p><span style=\"color: #000000;\">Nous nous engageons \u00e0 \u00e9tablir un climat de confiance et \u00e0 offrir une transparence \u00e0 nos clients. Pour toute question relative \u00e0 une r\u00e9servation, n&#039;h\u00e9sitez pas \u00e0 nous contacter.<\/span><\/p><hr \/><h3><span style=\"color: #000000;\"><strong>Contactez-nous<\/strong><\/span><\/h3><p><span style=\"color: #000000;\">Pour toute demande de renseignements ou d&#039;assistance concernant votre visite sur <strong>Spectacle pour adultes \u00e0 Pattaya<\/strong>, n&#039;h\u00e9sitez pas \u00e0 nous contacter :<\/span><\/p><ul><li><span style=\"color: #000000;\"><strong>E-mail<\/strong>: <a style=\"color: #000000;\" href=\"mailto:contact@adultshowpattaya.com\" rel=\"noopener\">contact@adultshowpattaya.com<\/a><\/span><\/li><li><span style=\"color: #000000;\"><strong>Adresse<\/strong>: A-54, zone industrielle de Keshopur, Vikaspuri, New Delhi 110018, Inde<\/span><br \/><span style=\"color: #000000;\">Nous nous effor\u00e7ons de r\u00e9pondre \u00e0 tous les e-mails dans les 24 heures.<\/span><\/li><\/ul><hr \/><h3><span style=\"color: #000000;\"><strong>Pourquoi nous choisir?<\/strong><\/span><\/h3><ul><li><span style=\"color: #000000;\"><strong>Une exp\u00e9rience fiable<\/strong>:Avec des ann\u00e9es d&#039;exp\u00e9rience dans l&#039;industrie du voyage, <strong>Vacances \u00e0 Triplyn<\/strong> assure un excellent service et des prix comp\u00e9titifs pour toutes nos offres.<\/span><\/li><li><span style=\"color: #000000;\"><strong>Assistance \u00e0 la client\u00e8le<\/strong>:Notre \u00e9quipe d\u00e9di\u00e9e est disponible pour vous aider dans tous vos besoins de voyage et de r\u00e9servation, garantissant une exp\u00e9rience sans tracas.<\/span><\/li><li><span style=\"color: #000000;\"><strong>Offres exclusives<\/strong>:Nous proposons des offres et des packages exclusifs pour <strong>Spectacle pour adultes \u00e0 Pattaya<\/strong>, vous garantissant l&#039;acc\u00e8s aux meilleurs prix et \u00e0 des divertissements inoubliables.<\/span><\/li><\/ul><hr \/><h3><span style=\"color: #000000;\"><strong>R\u00e9servation avec nous<\/strong><\/span><\/h3><p><span style=\"color: #000000;\">Pour une nuit de divertissement palpitant \u00e0 <strong>Spectacle pour adultes \u00e0 Pattaya<\/strong>, visitez notre <strong><a href=\"https:\/\/adultshowpattaya.com\/fr\/\">Billets pour le spectacle pour adultes \u00e0 Pattaya<\/a> Page de r\u00e9servation<\/strong> pour d\u00e9couvrir nos offres exclusives.<\/span><br \/><span style=\"color: #000000;\"><a href=\"https:\/\/adultshowpattaya.com\/fr\/\"><strong>Cliquez ici pour r\u00e9server vos billets maintenant<\/strong><\/a> et pr\u00e9parez-vous \u00e0 vivre une exp\u00e9rience adulte inoubliable !<\/span><\/p>\t\t\t\t\t\t\t\t<\/div>\n\t\t\t\t<\/div>\n\t\t\t\t\t<\/div>\n\t\t<\/div>\n\t\t\t\t\t<\/div>\n\t\t<\/section>\n\t\t\t\t<\/div>","protected":false},"excerpt":{"rendered":"<p>Company Details Welcome to Adult Show Pattaya, your trusted source for booking unforgettable adult entertainment experiences in Pattaya. Operated by Triplyn Holidays, we strive to ensure a seamless and memorable booking process for every guest. About Us Triplyn Holidays is a prominent travel and tourism company dedicated to delivering exceptional services to travelers worldwide. We [&hellip;]<\/p>\n","protected":false},"author":1,"featured_media":0,"parent":0,"menu_order":0,"comment_status":"closed","ping_status":"closed","template":"","meta":{"ocean_post_layout":"","ocean_both_sidebars_style":"","ocean_both_sidebars_content_width":0,"ocean_both_sidebars_sidebars_width":0,"ocean_sidebar":"","ocean_second_sidebar":"","ocean_disable_margins":"enable","ocean_add_body_class":"","ocean_shortcode_before_top_bar":"","ocean_shortcode_after_top_bar":"","ocean_shortcode_before_header":"","ocean_shortcode_after_header":"","ocean_has_shortcode":"","ocean_shortcode_after_title":"","ocean_shortcode_before_footer_widgets":"","ocean_shortcode_after_footer_widgets":"","ocean_shortcode_before_footer_bottom":"","ocean_shortcode_after_footer_bottom":"","ocean_display_top_bar":"default","ocean_display_header":"default","ocean_header_style":"","ocean_center_header_left_menu":"","ocean_custom_header_template":"","ocean_custom_logo":0,"ocean_custom_retina_logo":0,"ocean_custom_logo_max_width":0,"ocean_custom_logo_tablet_max_width":0,"ocean_custom_logo_mobile_max_width":0,"ocean_custom_logo_max_height":0,"ocean_custom_logo_tablet_max_height":0,"ocean_custom_logo_mobile_max_height":0,"ocean_header_custom_menu":"","ocean_menu_typo_font_family":"","ocean_menu_typo_font_subset":"","ocean_menu_typo_font_size":0,"ocean_menu_typo_font_size_tablet":0,"ocean_menu_typo_font_size_mobile":0,"ocean_menu_typo_font_size_unit":"px","ocean_menu_typo_font_weight":"","ocean_menu_typo_font_weight_tablet":"","ocean_menu_typo_font_weight_mobile":"","ocean_menu_typo_transform":"","ocean_menu_typo_transform_tablet":"","ocean_menu_typo_transform_mobile":"","ocean_menu_typo_line_height":0,"ocean_menu_typo_line_height_tablet":0,"ocean_menu_typo_line_height_mobile":0,"ocean_menu_typo_line_height_unit":"","ocean_menu_typo_spacing":0,"ocean_menu_typo_spacing_tablet":0,"ocean_menu_typo_spacing_mobile":0,"ocean_menu_typo_spacing_unit":"","ocean_menu_link_color":"","ocean_menu_link_color_hover":"","ocean_menu_link_color_active":"","ocean_menu_link_background":"","ocean_menu_link_hover_background":"","ocean_menu_link_active_background":"","ocean_menu_social_links_bg":"","ocean_menu_social_hover_links_bg":"","ocean_menu_social_links_color":"","ocean_menu_social_hover_links_color":"","ocean_disable_title":"default","ocean_disable_heading":"default","ocean_post_title":"","ocean_post_subheading":"","ocean_post_title_style":"","ocean_post_title_background_color":"","ocean_post_title_background":0,"ocean_post_title_bg_image_position":"","ocean_post_title_bg_image_attachment":"","ocean_post_title_bg_image_repeat":"","ocean_post_title_bg_image_size":"","ocean_post_title_height":0,"ocean_post_title_bg_overlay":0.5,"ocean_post_title_bg_overlay_color":"","ocean_disable_breadcrumbs":"default","ocean_breadcrumbs_color":"","ocean_breadcrumbs_separator_color":"","ocean_breadcrumbs_links_color":"","ocean_breadcrumbs_links_hover_color":"","ocean_display_footer_widgets":"default","ocean_display_footer_bottom":"default","ocean_custom_footer_template":"","footnotes":""},"class_list":["post-617","page","type-page","status-publish","hentry","entry","owp-thumbs-layout-horizontal","owp-btn-normal","owp-tabs-layout-horizontal","has-no-thumbnails","has-product-nav"],"yoast_head":"<!-- This site is optimized with the Yoast SEO plugin v27.5 - https:\/\/yoast.com\/product\/yoast-seo-wordpress\/ -->\n<title>Company Details | Adult Show Pattaya Tickets - Triplyn Holidays<\/title>\n<meta name=\"description\" content=\"Learn About Adult Show Pattaya Tickets, Your Trusted Provider For Adult Show Pattaya. Explore Our Company Details Now!\" \/>\n<meta name=\"robots\" content=\"noindex, follow\" \/>\n<meta property=\"og:locale\" content=\"fr_FR\" \/>\n<meta property=\"og:type\" content=\"article\" \/>\n<meta property=\"og:title\" content=\"Company Details | Adult Show Pattaya Tickets - Triplyn Holidays\" \/>\n<meta property=\"og:description\" content=\"Learn About Adult Show Pattaya Tickets, Your Trusted Provider For Adult Show Pattaya. Explore Our Company Details Now!\" \/>\n<meta property=\"og:url\" content=\"https:\/\/adultshowpattaya.com\/fr\/company-details\/\" \/>\n<meta property=\"og:site_name\" content=\"Adult Show Pattaya\" \/>\n<meta property=\"article:modified_time\" content=\"2024-11-18T16:21:02+00:00\" \/>\n<meta name=\"twitter:card\" content=\"summary_large_image\" \/>\n<meta name=\"twitter:label1\" content=\"Dur\u00e9e de lecture estim\u00e9e\" \/>\n\t<meta name=\"twitter:data1\" content=\"2 minutes\" \/>\n<script type=\"application\/ld+json\" class=\"yoast-schema-graph\">{\"@context\":\"https:\\\/\\\/schema.org\",\"@graph\":[{\"@type\":\"WebPage\",\"@id\":\"https:\\\/\\\/adultshowpattaya.com\\\/company-details\\\/\",\"url\":\"https:\\\/\\\/adultshowpattaya.com\\\/company-details\\\/\",\"name\":\"Company Details | Adult Show Pattaya Tickets - Triplyn Holidays\",\"isPartOf\":{\"@id\":\"https:\\\/\\\/adultshowpattaya.com\\\/#website\"},\"datePublished\":\"2024-09-04T10:51:40+00:00\",\"dateModified\":\"2024-11-18T16:21:02+00:00\",\"description\":\"Learn About Adult Show Pattaya Tickets, Your Trusted Provider For Adult Show Pattaya. Explore Our Company Details Now!\",\"breadcrumb\":{\"@id\":\"https:\\\/\\\/adultshowpattaya.com\\\/company-details\\\/#breadcrumb\"},\"inLanguage\":\"fr-FR\",\"potentialAction\":[{\"@type\":\"ReadAction\",\"target\":[\"https:\\\/\\\/adultshowpattaya.com\\\/company-details\\\/\"]}]},{\"@type\":\"BreadcrumbList\",\"@id\":\"https:\\\/\\\/adultshowpattaya.com\\\/company-details\\\/#breadcrumb\",\"itemListElement\":[{\"@type\":\"ListItem\",\"position\":1,\"name\":\"Home\",\"item\":\"https:\\\/\\\/adultshowpattaya.com\\\/\"},{\"@type\":\"ListItem\",\"position\":2,\"name\":\"Company Details\"}]},{\"@type\":\"WebSite\",\"@id\":\"https:\\\/\\\/adultshowpattaya.com\\\/#website\",\"url\":\"https:\\\/\\\/adultshowpattaya.com\\\/\",\"name\":\"Adult Show Pattaya\",\"description\":\"\",\"publisher\":{\"@id\":\"https:\\\/\\\/adultshowpattaya.com\\\/#organization\"},\"potentialAction\":[{\"@type\":\"SearchAction\",\"target\":{\"@type\":\"EntryPoint\",\"urlTemplate\":\"https:\\\/\\\/adultshowpattaya.com\\\/?s={search_term_string}\"},\"query-input\":{\"@type\":\"PropertyValueSpecification\",\"valueRequired\":true,\"valueName\":\"search_term_string\"}}],\"inLanguage\":\"fr-FR\"},{\"@type\":\"Organization\",\"@id\":\"https:\\\/\\\/adultshowpattaya.com\\\/#organization\",\"name\":\"Adult Show Pattaya\",\"url\":\"https:\\\/\\\/adultshowpattaya.com\\\/\",\"logo\":{\"@type\":\"ImageObject\",\"inLanguage\":\"fr-FR\",\"@id\":\"https:\\\/\\\/adultshowpattaya.com\\\/#\\\/schema\\\/logo\\\/image\\\/\",\"url\":\"https:\\\/\\\/adultshowpattaya.com\\\/wp-content\\\/uploads\\\/2024\\\/08\\\/Adult-Show-Pattaya.png\",\"contentUrl\":\"https:\\\/\\\/adultshowpattaya.com\\\/wp-content\\\/uploads\\\/2024\\\/08\\\/Adult-Show-Pattaya.png\",\"width\":350,\"height\":100,\"caption\":\"Adult Show Pattaya\"},\"image\":{\"@id\":\"https:\\\/\\\/adultshowpattaya.com\\\/#\\\/schema\\\/logo\\\/image\\\/\"}}]}<\/script>\n<!-- \/ Yoast SEO plugin. -->","yoast_head_json":{"title":"Coordonn\u00e9es de l&#039;entreprise | Billets pour spectacles pour adultes \u00e0 Pattaya - Triplyn Holidays","description":"D\u00e9couvrez les billets pour le spectacle pour adultes de Pattaya, votre fournisseur de confiance pour le spectacle pour adultes de Pattaya. D\u00e9couvrez les d\u00e9tails de notre entreprise maintenant\u00a0!","robots":{"index":"noindex","follow":"follow"},"og_locale":"fr_FR","og_type":"article","og_title":"Company Details | Adult Show Pattaya Tickets - Triplyn Holidays","og_description":"Learn About Adult Show Pattaya Tickets, Your Trusted Provider For Adult Show Pattaya. Explore Our Company Details Now!","og_url":"https:\/\/adultshowpattaya.com\/fr\/company-details\/","og_site_name":"Adult Show Pattaya","article_modified_time":"2024-11-18T16:21:02+00:00","twitter_card":"summary_large_image","twitter_misc":{"Dur\u00e9e de lecture estim\u00e9e":"2 minutes"},"schema":{"@context":"https:\/\/schema.org","@graph":[{"@type":"WebPage","@id":"https:\/\/adultshowpattaya.com\/company-details\/","url":"https:\/\/adultshowpattaya.com\/company-details\/","name":"Coordonn\u00e9es de l&#039;entreprise | Billets pour spectacles pour adultes \u00e0 Pattaya - Triplyn Holidays","isPartOf":{"@id":"https:\/\/adultshowpattaya.com\/#website"},"datePublished":"2024-09-04T10:51:40+00:00","dateModified":"2024-11-18T16:21:02+00:00","description":"D\u00e9couvrez les billets pour le spectacle pour adultes de Pattaya, votre fournisseur de confiance pour le spectacle pour adultes de Pattaya. D\u00e9couvrez les d\u00e9tails de notre entreprise maintenant\u00a0!","breadcrumb":{"@id":"https:\/\/adultshowpattaya.com\/company-details\/#breadcrumb"},"inLanguage":"fr-FR","potentialAction":[{"@type":"ReadAction","target":["https:\/\/adultshowpattaya.com\/company-details\/"]}]},{"@type":"BreadcrumbList","@id":"https:\/\/adultshowpattaya.com\/company-details\/#breadcrumb","itemListElement":[{"@type":"ListItem","position":1,"name":"Home","item":"https:\/\/adultshowpattaya.com\/"},{"@type":"ListItem","position":2,"name":"Company Details"}]},{"@type":"WebSite","@id":"https:\/\/adultshowpattaya.com\/#website","url":"https:\/\/adultshowpattaya.com\/","name":"Spectacle pour adultes \u00e0 Pattaya","description":"","publisher":{"@id":"https:\/\/adultshowpattaya.com\/#organization"},"potentialAction":[{"@type":"SearchAction","target":{"@type":"EntryPoint","urlTemplate":"https:\/\/adultshowpattaya.com\/?s={search_term_string}"},"query-input":{"@type":"PropertyValueSpecification","valueRequired":true,"valueName":"search_term_string"}}],"inLanguage":"fr-FR"},{"@type":"Organization","@id":"https:\/\/adultshowpattaya.com\/#organization","name":"Spectacle pour adultes \u00e0 Pattaya","url":"https:\/\/adultshowpattaya.com\/","logo":{"@type":"ImageObject","inLanguage":"fr-FR","@id":"https:\/\/adultshowpattaya.com\/#\/schema\/logo\/image\/","url":"https:\/\/adultshowpattaya.com\/wp-content\/uploads\/2024\/08\/Adult-Show-Pattaya.png","contentUrl":"https:\/\/adultshowpattaya.com\/wp-content\/uploads\/2024\/08\/Adult-Show-Pattaya.png","width":350,"height":100,"caption":"Adult Show Pattaya"},"image":{"@id":"https:\/\/adultshowpattaya.com\/#\/schema\/logo\/image\/"}}]}},"jetpack_sharing_enabled":true,"_links":{"self":[{"href":"https:\/\/adultshowpattaya.com\/fr\/wp-json\/wp\/v2\/pages\/617","targetHints":{"allow":["GET"]}}],"collection":[{"href":"https:\/\/adultshowpattaya.com\/fr\/wp-json\/wp\/v2\/pages"}],"about":[{"href":"https:\/\/adultshowpattaya.com\/fr\/wp-json\/wp\/v2\/types\/page"}],"author":[{"embeddable":true,"href":"https:\/\/adultshowpattaya.com\/fr\/wp-json\/wp\/v2\/users\/1"}],"replies":[{"embeddable":true,"href":"https:\/\/adultshowpattaya.com\/fr\/wp-json\/wp\/v2\/comments?post=617"}],"version-history":[{"count":5,"href":"https:\/\/adultshowpattaya.com\/fr\/wp-json\/wp\/v2\/pages\/617\/revisions"}],"predecessor-version":[{"id":1644,"href":"https:\/\/adultshowpattaya.com\/fr\/wp-json\/wp\/v2\/pages\/617\/revisions\/1644"}],"wp:attachment":[{"href":"https:\/\/adultshowpattaya.com\/fr\/wp-json\/wp\/v2\/media?parent=617"}],"curies":[{"name":"wp","href":"https:\/\/api.w.org\/{rel}","templated":true}]}}